{"id":729,"date":"2021-03-17T22:55:35","date_gmt":"2021-03-17T22:55:35","guid":{"rendered":"http:\/\/joyeriadiva.com\/?post_type=product&#038;p=729"},"modified":"2025-04-22T00:29:01","modified_gmt":"2025-04-22T00:29:01","slug":"argollas-de-matrimonio-mod-f0056","status":"publish","type":"product","link":"https:\/\/joyeriadiva.com\/index.php\/producto\/argollas-de-matrimonio-mod-f0056\/","title":{"rendered":"Argollas mod. F0056 10K"},"content":{"rendered":"<p>Argollas 10K mod. F0056.<\/p>\n<p>Las argollas de matrimonio son la forma de simbolizar el amor con un anillo, ya que por su forma circular este no tiene ni principio ni final, dando significado a un amor interminable y que por consiguiente va a durar hasta la eternidad.<\/p>\n<p>Una\u00a0argolla de matrimonio es algo que se espera que te acompa\u00f1e por el resto de tu vida ya que en este simb\u00f3lico anillo depositas sentimientos, emociones y compromisos que compartes con la persona con quien deseas casarte.<\/p>\n<p>Estas argollas de oro de 10 kilates est\u00e1n terminadas en estilo florentino (los tres colores cl\u00e1sicos de oro) con dos zirconias que se cruzan, simbolizando el cruce de vidas que llevaron a la formaci\u00f3n de la pareja que se casa.<\/p>\n","protected":false},"excerpt":{"rendered":"<p>Argollas de Oro Florentino de 10 Kilates.<\/p>\n","protected":false},"featured_media":1679,"comment_status":"open","ping_status":"closed","template":"","meta":[],"product_brand":[],"product_cat":[38,48],"product_tag":[117,135,115,122,134,126,251,116],"class_list":{"0":"post-729","1":"product","2":"type-product","3":"status-publish","4":"has-post-thumbnail","6":"product_cat-argollas-de-matrimonio","7":"product_cat-joyeria","8":"product_tag-10k","9":"product_tag-alianza","10":"product_tag-argolla","11":"product_tag-argollas","12":"product_tag-boda","13":"product_tag-matrimonio","14":"product_tag-oro-de-10-kilates","15":"product_tag-oro-florentino","17":"first","18":"instock","19":"sale","20":"taxable","21":"shipping-taxable","22":"purchasable","23":"product-type-simple"},"_links":{"self":[{"href":"https:\/\/joyeriadiva.com\/index.php\/wp-json\/wp\/v2\/product\/729","targetHints":{"allow":["GET"]}}],"collection":[{"href":"https:\/\/joyeriadiva.com\/index.php\/wp-json\/wp\/v2\/product"}],"about":[{"href":"https:\/\/joyeriadiva.com\/index.php\/wp-json\/wp\/v2\/types\/product"}],"replies":[{"embeddable":true,"href":"https:\/\/joyeriadiva.com\/index.php\/wp-json\/wp\/v2\/comments?post=729"}],"wp:featuredmedia":[{"embeddable":true,"href":"https:\/\/joyeriadiva.com\/index.php\/wp-json\/wp\/v2\/media\/1679"}],"wp:attachment":[{"href":"https:\/\/joyeriadiva.com\/index.php\/wp-json\/wp\/v2\/media?parent=729"}],"wp:term":[{"taxonomy":"product_brand","embeddable":true,"href":"https:\/\/joyeriadiva.com\/index.php\/wp-json\/wp\/v2\/product_brand?post=729"},{"taxonomy":"product_cat","embeddable":true,"href":"https:\/\/joyeriadiva.com\/index.php\/wp-json\/wp\/v2\/product_cat?post=729"},{"taxonomy":"product_tag","embeddable":true,"href":"https:\/\/joyeriadiva.com\/index.php\/wp-json\/wp\/v2\/product_tag?post=729"}],"curies":[{"name":"wp","href":"https:\/\/api.w.org\/{rel}","templated":true}]}}