{"id":655,"date":"2021-03-11T23:05:46","date_gmt":"2021-03-11T23:05:46","guid":{"rendered":"http:\/\/joyeriadiva.com\/?post_type=product&#038;p=655"},"modified":"2025-09-25T01:53:20","modified_gmt":"2025-09-25T01:53:20","slug":"bulova-97l151","status":"publish","type":"product","link":"https:\/\/joyeriadiva.com\/index.php\/producto\/bulova-97l151\/","title":{"rendered":"Reloj BULOVA mod. 97L151"},"content":{"rendered":"<p>De la colecci\u00f3n Cl\u00e1sicos. Caja y brazalete en acero inoxidable, acabado PVD oro rosa, car\u00e1tula rosa, movimiento de cuarzo de 3 manecillas, cristal mineral plano y broche desplegable.<\/p>\n<p><strong>Detalles Adicionales:<\/strong><\/p>\n<p><strong>Movimiento:<\/strong>\u00a0<span class=\"textcap isolate\">Cuarzo<\/span><\/p>\n<p><strong>Cristal:\u00a0<\/strong><span class=\"textcap isolate\">Mineral<\/span><\/p>\n<p><strong>Di\u00e1metro de la Caja:<\/strong>\u00a0<span class=\"notranslate\">28 mm<\/span><\/p>\n<p><strong>Grosor de la Caja:<\/strong>\u00a0<span class=\"notranslate\">6.5 mm<\/span><\/p>\n<p><strong>Resistencia al Agua de hasta:<\/strong>\u00a0<span class=\"notranslate\">30M<\/span><\/p>\n","protected":false},"excerpt":{"rendered":"<p>Reloj Bulova para Dama<\/p>\n","protected":false},"featured_media":656,"comment_status":"open","ping_status":"closed","template":"","meta":[],"product_brand":[],"product_cat":[54,36],"product_tag":[103,110,97,82],"class_list":{"0":"post-655","1":"product","2":"type-product","3":"status-publish","4":"has-post-thumbnail","6":"product_cat-bulova","7":"product_cat-dama","8":"product_tag-bulova","9":"product_tag-color-oro-rosa","10":"product_tag-dama","11":"product_tag-reloj","13":"first","14":"instock","15":"taxable","16":"shipping-taxable","17":"purchasable","18":"product-type-simple"},"_links":{"self":[{"href":"https:\/\/joyeriadiva.com\/index.php\/wp-json\/wp\/v2\/product\/655","targetHints":{"allow":["GET"]}}],"collection":[{"href":"https:\/\/joyeriadiva.com\/index.php\/wp-json\/wp\/v2\/product"}],"about":[{"href":"https:\/\/joyeriadiva.com\/index.php\/wp-json\/wp\/v2\/types\/product"}],"replies":[{"embeddable":true,"href":"https:\/\/joyeriadiva.com\/index.php\/wp-json\/wp\/v2\/comments?post=655"}],"wp:featuredmedia":[{"embeddable":true,"href":"https:\/\/joyeriadiva.com\/index.php\/wp-json\/wp\/v2\/media\/656"}],"wp:attachment":[{"href":"https:\/\/joyeriadiva.com\/index.php\/wp-json\/wp\/v2\/media?parent=655"}],"wp:term":[{"taxonomy":"product_brand","embeddable":true,"href":"https:\/\/joyeriadiva.com\/index.php\/wp-json\/wp\/v2\/product_brand?post=655"},{"taxonomy":"product_cat","embeddable":true,"href":"https:\/\/joyeriadiva.com\/index.php\/wp-json\/wp\/v2\/product_cat?post=655"},{"taxonomy":"product_tag","embeddable":true,"href":"https:\/\/joyeriadiva.com\/index.php\/wp-json\/wp\/v2\/product_tag?post=655"}],"curies":[{"name":"wp","href":"https:\/\/api.w.org\/{rel}","templated":true}]}}