{"id":636,"date":"2021-03-10T23:44:24","date_gmt":"2021-03-10T23:44:24","guid":{"rendered":"http:\/\/joyeriadiva.com\/?post_type=product&#038;p=636"},"modified":"2024-03-11T23:24:54","modified_gmt":"2024-03-11T23:24:54","slug":"mido-multifort-m02540711061","status":"publish","type":"product","link":"https:\/\/joyeriadiva.com\/index.php\/producto\/mido-multifort-m02540711061\/","title":{"rendered":"Reloj Mido Multifort mod. M02540711061"},"content":{"rendered":"<p>El reloj de caballero Multifort presenta el corte de barras de Ginebra y un dise\u00f1o imponente caracter\u00edstico de la colecci\u00f3n. Su movimiento autom\u00e1tico Calibre 80 a\u00f1ade a\u00fan m\u00e1s robustez dot\u00e1ndolo de hasta 80 horas de reserva de marcha.<\/p>\n<p><strong>Movimiento:\u00a0<\/strong>Autom\u00e1tico con reserva de marcha de 80 horas<\/p>\n<p><strong>Material de la caja:\u00a0<\/strong>Acero inoxidable<\/p>\n<p aria-level=\"3\"><strong>Cristal:<\/strong> Cristal zafiro con tratamiento antirreflejante en ambos lados<\/p>\n<p aria-level=\"3\"><strong>Tama\u00f1o:<\/strong> 42.0 mm<\/p>\n","protected":false},"excerpt":{"rendered":"<p>Reloj Mido Multifort Gent M02540711061<\/p>\n","protected":false},"featured_media":637,"comment_status":"open","ping_status":"closed","template":"","meta":[],"product_brand":[],"product_cat":[37,49,166,257],"product_tag":[96,88,94,55,102,82],"class_list":{"0":"post-636","1":"product","2":"type-product","3":"status-publish","4":"has-post-thumbnail","6":"product_cat-caballero","7":"product_cat-mido","8":"product_cat-relojeria","9":"product_cat-relojes-automaticos","10":"product_tag-automatic","11":"product_tag-caballero","12":"product_tag-color-acero-inoxidable","13":"product_tag-mido","14":"product_tag-multifort-gent","15":"product_tag-reloj","17":"first","18":"instock","19":"sale","20":"taxable","21":"shipping-taxable","22":"purchasable","23":"product-type-simple"},"_links":{"self":[{"href":"https:\/\/joyeriadiva.com\/index.php\/wp-json\/wp\/v2\/product\/636","targetHints":{"allow":["GET"]}}],"collection":[{"href":"https:\/\/joyeriadiva.com\/index.php\/wp-json\/wp\/v2\/product"}],"about":[{"href":"https:\/\/joyeriadiva.com\/index.php\/wp-json\/wp\/v2\/types\/product"}],"replies":[{"embeddable":true,"href":"https:\/\/joyeriadiva.com\/index.php\/wp-json\/wp\/v2\/comments?post=636"}],"wp:featuredmedia":[{"embeddable":true,"href":"https:\/\/joyeriadiva.com\/index.php\/wp-json\/wp\/v2\/media\/637"}],"wp:attachment":[{"href":"https:\/\/joyeriadiva.com\/index.php\/wp-json\/wp\/v2\/media?parent=636"}],"wp:term":[{"taxonomy":"product_brand","embeddable":true,"href":"https:\/\/joyeriadiva.com\/index.php\/wp-json\/wp\/v2\/product_brand?post=636"},{"taxonomy":"product_cat","embeddable":true,"href":"https:\/\/joyeriadiva.com\/index.php\/wp-json\/wp\/v2\/product_cat?post=636"},{"taxonomy":"product_tag","embeddable":true,"href":"https:\/\/joyeriadiva.com\/index.php\/wp-json\/wp\/v2\/product_tag?post=636"}],"curies":[{"name":"wp","href":"https:\/\/api.w.org\/{rel}","templated":true}]}}