{"id":622,"date":"2021-03-10T21:31:13","date_gmt":"2021-03-10T21:31:13","guid":{"rendered":"http:\/\/joyeriadiva.com\/?post_type=product&#038;p=622"},"modified":"2024-03-11T23:25:37","modified_gmt":"2024-03-11T23:25:37","slug":"reloj-rado-mod-r12416633","status":"publish","type":"product","link":"https:\/\/joyeriadiva.com\/index.php\/producto\/reloj-rado-mod-r12416633\/","title":{"rendered":"Reloj Rado mod. R12416633"},"content":{"rendered":"<div class=\"product attribute overview no-page-builder\">\n<div class=\"value\">En 1962, Rado revolucion\u00f3 la industria relojera con su modelo DiaStar resistente a los ara\u00f1azos. El Original, basado en el dise\u00f1o atractivo, atrevido y atemporal del primer DiaStar, combina las caracter\u00edsticas y funciones bien conocidas por los entusiastas de la marca y el inconfundible aspecto que tanto aprecian estos. Con un excelente mecanismo autom\u00e1tico suizo que hace latir su coraz\u00f3n, este modelo es, simplemente, una leyenda de Rado.<\/div>\n<\/div>\n<div class=\"product info detailed\">\n<div class=\"product data items\" role=\"tablist\">\n<h3 id=\"tab-label-additional\" class=\"data item title active\" tabindex=\"0\" role=\"tab\" data-role=\"collapsible\" data-collapsible=\"true\" aria-controls=\"additional\" aria-selected=\"false\" aria-expanded=\"true\"><strong>Especificaciones<\/strong><\/h3>\n<div id=\"additional\" class=\"data item content\" role=\"tabpanel\" aria-labelledby=\"tab-label-additional\" data-role=\"content\" aria-hidden=\"false\">\n<div id=\"attributes-wrapper\" class=\"additional-attributes-wrapper table-wrapper\">\n<div data-role=\"collapsible\">\n<h2>Aspectos generales<\/h2>\n<\/div>\n<div data-role=\"content\">\n<ul>\n<li><strong>Nombre del producto:<\/strong>\u00a0The Original Automatic<\/li>\n<li><strong>SKU:<\/strong>\u00a0R12416633<\/li>\n<\/ul>\n<\/div>\n<div data-role=\"collapsible\">\n<h2>Movimiento<\/h2>\n<\/div>\n<div data-role=\"content\">\n<ul>\n<li><strong>Tipo de movimiento:<\/strong>\u00a0Autom\u00e1tico<\/li>\n<li><strong>Reserva de marcha:<\/strong>\u00a038 horas<\/li>\n<\/ul>\n<\/div>\n<div data-role=\"collapsible\">\n<h2>Caja<\/h2>\n<\/div>\n<div data-role=\"content\">\n<ul>\n<li><strong>Materiales de la caja:<\/strong>\u00a0metal duro con revestimiento CVD<\/li>\n<li><strong>Grosor de la caja:<\/strong>\u00a010.7 mm<\/li>\n<li><strong>Resisitencia al agua de la caja:<\/strong>\u00a03 bar de presi\u00f3n (30 m)<\/li>\n<li><strong>G\u00e9nero de la caja:<\/strong> Dama<\/li>\n<li><strong>Dimensi\u00f3n de la caja:<\/strong>\u00a027.3 mm<\/li>\n<li><strong>Cristal de la caja:<\/strong>\u00a0Cristal de zafiro<\/li>\n<\/ul>\n<\/div>\n<div data-role=\"collapsible\"><\/div>\n<div data-role=\"content\"><\/div>\n<div data-role=\"collapsible\">\n<h2>Brazalete<\/h2>\n<\/div>\n<div data-role=\"content\">\n<ul>\n<li><strong>Materiales del brazalete:<\/strong>\u00a0PVD<\/li>\n<\/ul>\n<\/div>\n<\/div>\n<\/div>\n<\/div>\n<\/div>\n","protected":false},"excerpt":{"rendered":"<p>En 1962, Rado revolucion\u00f3 la industria relojera con su modelo DiaStar resistente a los ara\u00f1azos, con un excelente mecanismo autom\u00e1tico suizo que hace latir su coraz\u00f3n, este modelo es, simplemente, una leyenda de Rado.<\/p>\n","protected":false},"featured_media":623,"comment_status":"open","ping_status":"closed","template":"","meta":[],"product_brand":[],"product_cat":[36,50,166,257],"product_tag":[87,97,86,82],"class_list":{"0":"post-622","1":"product","2":"type-product","3":"status-publish","4":"has-post-thumbnail","6":"product_cat-dama","7":"product_cat-rado","8":"product_cat-relojeria","9":"product_cat-relojes-automaticos","10":"product_tag-automatico","11":"product_tag-dama","12":"product_tag-rado","13":"product_tag-reloj","15":"first","16":"instock","17":"taxable","18":"shipping-taxable","19":"purchasable","20":"product-type-simple"},"_links":{"self":[{"href":"https:\/\/joyeriadiva.com\/index.php\/wp-json\/wp\/v2\/product\/622","targetHints":{"allow":["GET"]}}],"collection":[{"href":"https:\/\/joyeriadiva.com\/index.php\/wp-json\/wp\/v2\/product"}],"about":[{"href":"https:\/\/joyeriadiva.com\/index.php\/wp-json\/wp\/v2\/types\/product"}],"replies":[{"embeddable":true,"href":"https:\/\/joyeriadiva.com\/index.php\/wp-json\/wp\/v2\/comments?post=622"}],"wp:featuredmedia":[{"embeddable":true,"href":"https:\/\/joyeriadiva.com\/index.php\/wp-json\/wp\/v2\/media\/623"}],"wp:attachment":[{"href":"https:\/\/joyeriadiva.com\/index.php\/wp-json\/wp\/v2\/media?parent=622"}],"wp:term":[{"taxonomy":"product_brand","embeddable":true,"href":"https:\/\/joyeriadiva.com\/index.php\/wp-json\/wp\/v2\/product_brand?post=622"},{"taxonomy":"product_cat","embeddable":true,"href":"https:\/\/joyeriadiva.com\/index.php\/wp-json\/wp\/v2\/product_cat?post=622"},{"taxonomy":"product_tag","embeddable":true,"href":"https:\/\/joyeriadiva.com\/index.php\/wp-json\/wp\/v2\/product_tag?post=622"}],"curies":[{"name":"wp","href":"https:\/\/api.w.org\/{rel}","templated":true}]}}