{"id":618,"date":"2021-03-10T21:03:38","date_gmt":"2021-03-10T21:03:38","guid":{"rendered":"http:\/\/joyeriadiva.com\/?post_type=product&#038;p=618"},"modified":"2024-01-10T00:20:37","modified_gmt":"2024-01-10T00:20:37","slug":"reloj-rado-mod-r12413613","status":"publish","type":"product","link":"https:\/\/joyeriadiva.com\/index.php\/producto\/reloj-rado-mod-r12413613\/","title":{"rendered":"Reloj Rado mod. R12413613"},"content":{"rendered":"<div class=\"product attribute overview no-page-builder\">\n<div class=\"value\">En 1962, Rado revolucion\u00f3 la industria relojera con su modelo DiaStar resistente a los ara\u00f1azos. El Original, basado en el dise\u00f1o atractivo, atrevido y atemporal del primer DiaStar, combina las caracter\u00edsticas y funciones bien conocidas por los entusiastas de la marca y el inconfundible aspecto que tanto aprecian estos. Con un excelente mecanismo autom\u00e1tico suizo que hace latir su coraz\u00f3n, este modelo es, simplemente, una leyenda de Rado.<\/div>\n<\/div>\n<div class=\"product info detailed\">\n<div class=\"product data items\" role=\"tablist\">\n<h3 id=\"tab-label-additional\" class=\"data item title active\" tabindex=\"0\" role=\"tab\" data-role=\"collapsible\" data-collapsible=\"true\" aria-controls=\"additional\" aria-selected=\"false\" aria-expanded=\"true\"><strong>Especificaciones<\/strong><\/h3>\n<div id=\"additional\" class=\"data item content\" role=\"tabpanel\" aria-labelledby=\"tab-label-additional\" data-role=\"content\" aria-hidden=\"false\">\n<div id=\"attributes-wrapper\" class=\"additional-attributes-wrapper table-wrapper\">\n<div data-role=\"collapsible\">\n<h2>Aspectos generales<\/h2>\n<\/div>\n<div data-role=\"content\">\n<ul>\n<li><strong>Nombre del producto:<\/strong>\u00a0The Original Automatic<\/li>\n<li><strong>SKU:<\/strong>\u00a0R12413613<\/li>\n<\/ul>\n<\/div>\n<div data-role=\"collapsible\">\n<h2>Movimiento<\/h2>\n<\/div>\n<div data-role=\"content\">\n<ul>\n<li><strong>Movimiento autom\u00e1tico<\/strong><\/li>\n<\/ul>\n<\/div>\n<div data-role=\"collapsible\">\n<h2>Caja<\/h2>\n<\/div>\n<div data-role=\"content\">\n<ul>\n<li><strong>Materiales de la caja:<\/strong>\u00a0metal duro con revestimiento CVD<\/li>\n<li><strong>Grosor de la caja:<\/strong>\u00a011.9 mm<\/li>\n<li><strong>Resisitencia al agua de la caja:<\/strong>\u00a03 bar de presi\u00f3n (30 m)<\/li>\n<li><strong>G\u00e9nero de la caja:<\/strong>\u00a0Caballero<\/li>\n<li><strong>Dimensi\u00f3n de la caja:<\/strong>\u00a035.0 mm<\/li>\n<li><strong>Cristal de la caja:<\/strong>\u00a0Cristal de zafiro<\/li>\n<\/ul>\n<\/div>\n<div data-role=\"collapsible\"><\/div>\n<div data-role=\"content\"><\/div>\n<div data-role=\"collapsible\">\n<h2>Brazalete<\/h2>\n<\/div>\n<div data-role=\"content\">\n<ul>\n<li><strong>Materiales del brazalete:<\/strong>\u00a0PVD<\/li>\n<\/ul>\n<\/div>\n<\/div>\n<\/div>\n<\/div>\n<\/div>\n","protected":false},"excerpt":{"rendered":"<p>En 1962, Rado revolucion\u00f3 la industria relojera con su modelo DiaStar resistente a los ara\u00f1azos, con un excelente mecanismo autom\u00e1tico suizo que hace latir su coraz\u00f3n, este modelo es, simplemente, una leyenda de Rado.<\/p>\n","protected":false},"featured_media":619,"comment_status":"open","ping_status":"closed","template":"","meta":[],"product_brand":[],"product_cat":[37,50],"product_tag":[96,88,93,86,82],"class_list":{"0":"post-618","1":"product","2":"type-product","3":"status-publish","4":"has-post-thumbnail","6":"product_cat-caballero","7":"product_cat-rado","8":"product_tag-automatic","9":"product_tag-caballero","10":"product_tag-color-oro","11":"product_tag-rado","12":"product_tag-reloj","14":"first","15":"outofstock","16":"taxable","17":"shipping-taxable","18":"purchasable","19":"product-type-simple"},"_links":{"self":[{"href":"https:\/\/joyeriadiva.com\/index.php\/wp-json\/wp\/v2\/product\/618","targetHints":{"allow":["GET"]}}],"collection":[{"href":"https:\/\/joyeriadiva.com\/index.php\/wp-json\/wp\/v2\/product"}],"about":[{"href":"https:\/\/joyeriadiva.com\/index.php\/wp-json\/wp\/v2\/types\/product"}],"replies":[{"embeddable":true,"href":"https:\/\/joyeriadiva.com\/index.php\/wp-json\/wp\/v2\/comments?post=618"}],"wp:featuredmedia":[{"embeddable":true,"href":"https:\/\/joyeriadiva.com\/index.php\/wp-json\/wp\/v2\/media\/619"}],"wp:attachment":[{"href":"https:\/\/joyeriadiva.com\/index.php\/wp-json\/wp\/v2\/media?parent=618"}],"wp:term":[{"taxonomy":"product_brand","embeddable":true,"href":"https:\/\/joyeriadiva.com\/index.php\/wp-json\/wp\/v2\/product_brand?post=618"},{"taxonomy":"product_cat","embeddable":true,"href":"https:\/\/joyeriadiva.com\/index.php\/wp-json\/wp\/v2\/product_cat?post=618"},{"taxonomy":"product_tag","embeddable":true,"href":"https:\/\/joyeriadiva.com\/index.php\/wp-json\/wp\/v2\/product_tag?post=618"}],"curies":[{"name":"wp","href":"https:\/\/api.w.org\/{rel}","templated":true}]}}