{"id":448,"date":"2020-11-02T21:46:17","date_gmt":"2020-11-02T21:46:17","guid":{"rendered":"http:\/\/joyeriadiva.com\/?post_type=product&#038;p=448"},"modified":"2024-03-11T23:25:17","modified_gmt":"2024-03-11T23:25:17","slug":"commander-icone","status":"publish","type":"product","link":"https:\/\/joyeriadiva.com\/index.php\/producto\/commander-icone\/","title":{"rendered":"Reloj Mido COMMANDER IC\u00d4NE mod. M0316313306100"},"content":{"rendered":"<div class=\"col-12 col-md-6 col-lg-3 technical-details-items\">\n<p id=\"technical-details-case-title\">El reloj suizo Commander Ic\u00f4ne rinde homenaje a uno de los modelos m\u00e1s ic\u00f3nicos de Mido. Su dise\u00f1o neo-vintage adopta la mayor\u00eda de los c\u00f3digos responsables del \u00e9xito del Commander: l\u00edneas extremadamente puras, el m\u00e1ximo espacio otorgado a la soberbia car\u00e1tula satinada con rayos de sol y el brazalete de malla milanesa. Est\u00e1 equipado con el Calibre 80 Chronometer Silicon, un movimiento autom\u00e1tico de cron\u00f3metro certificado por COSC con una espiral de silicio para una precisi\u00f3n superior y que ofrece hasta 80 horas de reserva de marcha.<\/p>\n<h3>\u00a0<span class=\"align-middle\">CAJA<\/span><\/h3>\n<ul id=\"technical-details-case\" class=\"collapse d-lg-block\" aria-labelledby=\"technical-details-case-title\" data-parent=\"#technical-details-accordion\">\n<li>\n<div class=\"field field--name-field-reference-case-material field--type-entity-reference field--label-inline\">\n<div class=\"field--label\">Material:<\/div>\n<div class=\"field--item\">Acero inoxidable con recubrimiento PVD negro<\/div>\n<\/div>\n<\/li>\n<li>\n<div class=\"field field--name-field-reference-diameter-3h-9h field--type-float field--label-inline\">\n<div class=\"field--label\">Di\u00e1metro:<\/div>\n<div class=\"field--item\">42.00 mm<\/div>\n<\/div>\n<\/li>\n<li>\n<div class=\"field field--name-field-reference-lugs field--type-float field--label-inline\">\n<div class=\"field--label\">Entre las asas:<\/div>\n<div class=\"field--item\">24.00 mm<\/div>\n<\/div>\n<\/li>\n<li>\n<div class=\"field field--name-field-reference-water-resistance field--type-entity-reference field--label-inline\">\n<div class=\"field--label\">Resistencia al agua:<\/div>\n<div class=\"field--item\">5 bares (50 m \/ 165 ft)<\/div>\n<\/div>\n<\/li>\n<li>\n<div class=\"field field--name-field-reference-glass-material field--type-entity-reference field--label-inline\">\n<div class=\"field--label\">Cristal:<\/div>\n<div class=\"field--item\">Cristal zafiro<\/div>\n<\/div>\n<\/li>\n<li>\n<div class=\"field field--name-field-reference-box-height field--type-float field--label-inline\">\n<div class=\"field--label\">Altura de la caja:<\/div>\n<div class=\"field--item\">11.42 mm<\/div>\n<\/div>\n<\/li>\n<li>\n<div class=\"field field--name-field-reference-transparent-back field--type-boolean field--label-hidden field--item\">Caja trasera transparente<\/div>\n<\/li>\n<\/ul>\n<\/div>\n<div class=\"col-12 col-md-6 col-lg-3 technical-details-items\">\n<div class=\"align-middle d-inline-block\"><\/div>\n<h3 id=\"technical-details-movement-title\">\u00a0<span class=\"align-middle\">MOVIMIENTO<\/span><\/h3>\n<ul id=\"technical-details-movement\" class=\"collapse d-lg-block\" aria-labelledby=\"technical-details-movement-title\" data-parent=\"#technical-details-accordion\">\n<li>\n<div class=\"field field--name-field-reference-caliber-type field--type-entity-reference field--label-inline\">\n<div class=\"field--label\">Tipo de movimiento:<\/div>\n<div class=\"field--item\">Autom\u00e1tico<\/div>\n<\/div>\n<\/li>\n<li>\n<div class=\"field field--name-field-reference-caliber-movement field--type-entity-reference field--label-hidden field--item\">\n<div id=\"taxonomy-term-782\" class=\"taxonomy-term vocabulary-caliber-movement\">\n<div class=\"field field--name-name field--type-string field--label-hidden field--item\">Autom\u00e1tico Mido Calibre 80 COSC Si (base ETA C07.821)<\/div>\n<ul class=\"field field--name-field-caliber-movement-features field--type-entity-reference field--label-hidden field--items\">\n<li class=\"field--item\">Cron\u00f3metro COSC<\/li>\n<li class=\"field--item\">Fecha<\/li>\n<\/ul>\n<\/div>\n<\/div>\n<\/li>\n<\/ul>\n<\/div>\n<div class=\"col-12 col-md-6 col-lg-3 technical-details-items\">\n<div class=\"align-middle d-inline-block\"><\/div>\n<h3 id=\"technical-details-dial-title\">\u00a0<span class=\"align-middle\">CAR\u00c1TULA<\/span><\/h3>\n<ul id=\"technical-details-dial\" class=\"collapse d-lg-block\" aria-labelledby=\"technical-details-dial-title\" data-parent=\"#technical-details-accordion\">\n<li>\n<div class=\"field field--name-field-reference-dial-color field--type-entity-reference field--label-inline\">\n<div class=\"field--label\">Color de car\u00e1tula:<\/div>\n<div class=\"field--item\">Antracita<\/div>\n<\/div>\n<\/li>\n<li>\n<div class=\"field field--name-field-reference-dial-type field--type-entity-reference field--label-inline\">\n<div class=\"field--label\">C\u00edrculo horario:<\/div>\n<div class=\"field--item\">\u00cdndices aplicados<\/div>\n<\/div>\n<\/li>\n<\/ul>\n<\/div>\n<div class=\"col-12 col-md-6 col-lg-3 technical-details-items\">\n<div class=\"align-middle d-inline-block\"><\/div>\n<h3 id=\"technical-details-strap-title\">\u00a0<span class=\"align-middle\">BRAZALETE<\/span><\/h3>\n<ul id=\"technical-details-strap\" class=\"collapse d-lg-block\" aria-labelledby=\"technical-details-strap-title\" data-parent=\"#technical-details-accordion\">\n<li>\n<div class=\"field field--name-field-reference-strap field--type-entity-reference field--label-hidden field--item\">Malla milanesa de acero inoxidable con tratamiento PVD negro<\/div>\n<\/li>\n<\/ul>\n<\/div>\n","protected":false},"excerpt":{"rendered":"<p>El reloj Commander Ic\u00f4ne rinde homenaje a uno de los modelos m\u00e1s ic\u00f3nicos de Mido. Su dise\u00f1o neo-vintage adopta la mayor\u00eda de los c\u00f3digos que llevaron al Commander al \u00e9xito: l\u00edneas extremadamente depuradas, una amplia y magn\u00edfica car\u00e1tula satinada con efecto rayos de sol y el brazalete de malla milanesa. Est\u00e1 dotado del Calibre 80 Chronometer Silicon, un movimiento autom\u00e1tico cron\u00f3metro certificado por el COSC con espiral de silicio.<\/p>\n","protected":false},"featured_media":449,"comment_status":"open","ping_status":"closed","template":"","meta":[],"product_brand":[],"product_cat":[37,49,166,257],"product_tag":[57,56,55],"class_list":{"0":"post-448","1":"product","2":"type-product","3":"status-publish","4":"has-post-thumbnail","6":"product_cat-caballero","7":"product_cat-mido","8":"product_cat-relojeria","9":"product_cat-relojes-automaticos","10":"product_tag-commander","11":"product_tag-icone","12":"product_tag-mido","14":"first","15":"instock","16":"sale","17":"taxable","18":"shipping-taxable","19":"purchasable","20":"product-type-simple"},"_links":{"self":[{"href":"https:\/\/joyeriadiva.com\/index.php\/wp-json\/wp\/v2\/product\/448","targetHints":{"allow":["GET"]}}],"collection":[{"href":"https:\/\/joyeriadiva.com\/index.php\/wp-json\/wp\/v2\/product"}],"about":[{"href":"https:\/\/joyeriadiva.com\/index.php\/wp-json\/wp\/v2\/types\/product"}],"replies":[{"embeddable":true,"href":"https:\/\/joyeriadiva.com\/index.php\/wp-json\/wp\/v2\/comments?post=448"}],"wp:featuredmedia":[{"embeddable":true,"href":"https:\/\/joyeriadiva.com\/index.php\/wp-json\/wp\/v2\/media\/449"}],"wp:attachment":[{"href":"https:\/\/joyeriadiva.com\/index.php\/wp-json\/wp\/v2\/media?parent=448"}],"wp:term":[{"taxonomy":"product_brand","embeddable":true,"href":"https:\/\/joyeriadiva.com\/index.php\/wp-json\/wp\/v2\/product_brand?post=448"},{"taxonomy":"product_cat","embeddable":true,"href":"https:\/\/joyeriadiva.com\/index.php\/wp-json\/wp\/v2\/product_cat?post=448"},{"taxonomy":"product_tag","embeddable":true,"href":"https:\/\/joyeriadiva.com\/index.php\/wp-json\/wp\/v2\/product_tag?post=448"}],"curies":[{"name":"wp","href":"https:\/\/api.w.org\/{rel}","templated":true}]}}