{"id":2404,"date":"2026-04-14T20:00:15","date_gmt":"2026-04-14T20:00:15","guid":{"rendered":"https:\/\/joyeriadiva.com\/?post_type=product&#038;p=2404"},"modified":"2026-04-14T20:07:29","modified_gmt":"2026-04-14T20:07:29","slug":"juego-bautizo-10k-ma-c40-08","status":"publish","type":"product","link":"https:\/\/joyeriadiva.com\/index.php\/producto\/juego-bautizo-10k-ma-c40-08\/","title":{"rendered":"Juego bautizo 10K-MA-C35-08"},"content":{"rendered":"<p>Juego de medalla y cadena para bautizo todo en oro de 10 kilates.<\/p>\n<p>La cadena mide 35 cent\u00edmetros de largo, ideal para beb\u00e9s y ni\u00f1os de hasta 4 a\u00f1os. (varia seg\u00fan la complexi\u00f3n del ni\u00f1o).<\/p>\n","protected":false},"excerpt":{"rendered":"<p>Juego de medalla y cadena de oro de 10 kilates para bautizo.<\/p>\n","protected":false},"featured_media":2405,"comment_status":"open","ping_status":"closed","template":"","meta":[],"product_brand":[],"product_cat":[205,48,149],"product_tag":[168,301,136,165,159],"class_list":{"0":"post-2404","1":"product","2":"type-product","3":"status-publish","4":"has-post-thumbnail","6":"product_cat-bautizosy1eracomunion","7":"product_cat-joyeria","8":"product_cat-medallas","9":"product_tag-bautizo","10":"product_tag-medalla-de-oro","11":"product_tag-oro","12":"product_tag-primera-comunion","13":"product_tag-sagrado-corazon","15":"first","16":"instock","17":"taxable","18":"shipping-taxable","19":"purchasable","20":"product-type-simple"},"_links":{"self":[{"href":"https:\/\/joyeriadiva.com\/index.php\/wp-json\/wp\/v2\/product\/2404","targetHints":{"allow":["GET"]}}],"collection":[{"href":"https:\/\/joyeriadiva.com\/index.php\/wp-json\/wp\/v2\/product"}],"about":[{"href":"https:\/\/joyeriadiva.com\/index.php\/wp-json\/wp\/v2\/types\/product"}],"replies":[{"embeddable":true,"href":"https:\/\/joyeriadiva.com\/index.php\/wp-json\/wp\/v2\/comments?post=2404"}],"wp:featuredmedia":[{"embeddable":true,"href":"https:\/\/joyeriadiva.com\/index.php\/wp-json\/wp\/v2\/media\/2405"}],"wp:attachment":[{"href":"https:\/\/joyeriadiva.com\/index.php\/wp-json\/wp\/v2\/media?parent=2404"}],"wp:term":[{"taxonomy":"product_brand","embeddable":true,"href":"https:\/\/joyeriadiva.com\/index.php\/wp-json\/wp\/v2\/product_brand?post=2404"},{"taxonomy":"product_cat","embeddable":true,"href":"https:\/\/joyeriadiva.com\/index.php\/wp-json\/wp\/v2\/product_cat?post=2404"},{"taxonomy":"product_tag","embeddable":true,"href":"https:\/\/joyeriadiva.com\/index.php\/wp-json\/wp\/v2\/product_tag?post=2404"}],"curies":[{"name":"wp","href":"https:\/\/api.w.org\/{rel}","templated":true}]}}