{"id":2371,"date":"2026-03-21T21:35:01","date_gmt":"2026-03-21T21:35:01","guid":{"rendered":"https:\/\/joyeriadiva.com\/?post_type=product&#038;p=2371"},"modified":"2026-03-21T21:35:06","modified_gmt":"2026-03-21T21:35:06","slug":"reloj-bulova-mod-98p235","status":"publish","type":"product","link":"https:\/\/joyeriadiva.com\/index.php\/producto\/reloj-bulova-mod-98p235\/","title":{"rendered":"Reloj BULOVA mod. 98P235"},"content":{"rendered":"<p><span class=\"visible-text\">Un dise\u00f1o audaz y elevado caracteriza a este reloj de la colecci\u00f3n Classic de Bulova Prestige para mujer que equilibra un dise\u00f1o audaz con una presencia elegante. El reloj cuenta con una caja facetada de acero inoxidable en tono oro rosa y plateado de 32 mm con un cristal de zafiro con bisel geom\u00e9trico y plano con tratamiento<\/span><span class=\"more-text\">\u00a0antirreflectante, resistencia al agua de 100\u00a0m y un brazalete biselado de 3\u00a0eslabones con acabados cepillados y pulidos y un cierre desplegable con bot\u00f3n pulsador. La reluciente esfera de n\u00e1car tiene agujas oro rosa y marcadores aplicados con relleno luminiscente Super-LumiNova , 8 resplandecientes diamantes e indicador de fecha. Este reloj Bulova para mujer es realmente impresionante tanto por su modernidad como por su sofisticaci\u00f3n y resulta el compa\u00f1ero ideal para cualquier mu\u00f1eca.<\/span><\/p>\n","protected":false},"excerpt":{"rendered":"<p>Reloj BULOVA para dama de la colecci\u00f3n cl\u00e1sicos\u00a0<strong>Prestige<\/strong>.<\/p>\n<p>Con diamantes en la car\u00e1tula de madre perla y cristal de zafiro.<\/p>\n","protected":false},"featured_media":2372,"comment_status":"open","ping_status":"closed","template":"","meta":[],"product_brand":[281],"product_cat":[54,36,166],"product_tag":[316,317,73,313,258,315,314],"class_list":{"0":"post-2371","1":"product","2":"type-product","3":"status-publish","4":"has-post-thumbnail","6":"product_brand-bulova","7":"product_cat-bulova","8":"product_cat-dama","9":"product_cat-relojeria","10":"product_tag-cristal-de-zafiro","11":"product_tag-madre-perla","12":"product_tag-oro-rosa","13":"product_tag-prestige","14":"product_tag-reloj-bulova","15":"product_tag-reloj-con-diamantes","16":"product_tag-reloj-para-dama","18":"first","19":"instock","20":"sale","21":"taxable","22":"shipping-taxable","23":"purchasable","24":"product-type-simple"},"_links":{"self":[{"href":"https:\/\/joyeriadiva.com\/index.php\/wp-json\/wp\/v2\/product\/2371","targetHints":{"allow":["GET"]}}],"collection":[{"href":"https:\/\/joyeriadiva.com\/index.php\/wp-json\/wp\/v2\/product"}],"about":[{"href":"https:\/\/joyeriadiva.com\/index.php\/wp-json\/wp\/v2\/types\/product"}],"replies":[{"embeddable":true,"href":"https:\/\/joyeriadiva.com\/index.php\/wp-json\/wp\/v2\/comments?post=2371"}],"wp:featuredmedia":[{"embeddable":true,"href":"https:\/\/joyeriadiva.com\/index.php\/wp-json\/wp\/v2\/media\/2372"}],"wp:attachment":[{"href":"https:\/\/joyeriadiva.com\/index.php\/wp-json\/wp\/v2\/media?parent=2371"}],"wp:term":[{"taxonomy":"product_brand","embeddable":true,"href":"https:\/\/joyeriadiva.com\/index.php\/wp-json\/wp\/v2\/product_brand?post=2371"},{"taxonomy":"product_cat","embeddable":true,"href":"https:\/\/joyeriadiva.com\/index.php\/wp-json\/wp\/v2\/product_cat?post=2371"},{"taxonomy":"product_tag","embeddable":true,"href":"https:\/\/joyeriadiva.com\/index.php\/wp-json\/wp\/v2\/product_tag?post=2371"}],"curies":[{"name":"wp","href":"https:\/\/api.w.org\/{rel}","templated":true}]}}