{"id":2270,"date":"2025-04-09T20:39:08","date_gmt":"2025-04-09T20:39:08","guid":{"rendered":"https:\/\/joyeriadiva.com\/?post_type=product&#038;p=2270"},"modified":"2025-04-09T20:39:09","modified_gmt":"2025-04-09T20:39:09","slug":"reloj-bulova-mod-96c151","status":"publish","type":"product","link":"https:\/\/joyeriadiva.com\/index.php\/producto\/reloj-bulova-mod-96c151\/","title":{"rendered":"Reloj Bulova mod. 96C151"},"content":{"rendered":"<p>Reloj Bulova para Caballero, colecci\u00f3n Cl\u00e1sicos.<\/p>\n<p>Movimiento de cuarzo de 6 manecillas. Caja cuadrada y brazalete realizados en acero inoxidable, broche desplegable de doble pulsador. Car\u00e1tula con dise\u00f1o en azul, indicadores y manecillas luminiscentes en plateado. Subcar\u00e1tulas, d\u00eda de la semana, fecha, y 24 horas. Cristal mineral. Resistencia al agua de hasta 30 metros. Caja 40mm<\/p>\n","protected":false},"excerpt":{"rendered":"<p>Reloj Bulova para Caballero, colecci\u00f3n Cl\u00e1sicos.<\/p>\n","protected":false},"featured_media":2271,"comment_status":"open","ping_status":"closed","template":"","meta":[],"product_brand":[281],"product_cat":[54,37,166],"product_tag":[265,284,258,267,287],"class_list":{"0":"post-2270","1":"product","2":"type-product","3":"status-publish","4":"has-post-thumbnail","6":"product_brand-bulova","7":"product_cat-bulova","8":"product_cat-caballero","9":"product_cat-relojeria","10":"product_tag-reloj-acero","11":"product_tag-reloj-azul","12":"product_tag-reloj-bulova","13":"product_tag-reloj-cuadrado","14":"product_tag-reloj-de-pila","16":"first","17":"instock","18":"taxable","19":"shipping-taxable","20":"purchasable","21":"product-type-simple"},"_links":{"self":[{"href":"https:\/\/joyeriadiva.com\/index.php\/wp-json\/wp\/v2\/product\/2270","targetHints":{"allow":["GET"]}}],"collection":[{"href":"https:\/\/joyeriadiva.com\/index.php\/wp-json\/wp\/v2\/product"}],"about":[{"href":"https:\/\/joyeriadiva.com\/index.php\/wp-json\/wp\/v2\/types\/product"}],"replies":[{"embeddable":true,"href":"https:\/\/joyeriadiva.com\/index.php\/wp-json\/wp\/v2\/comments?post=2270"}],"wp:featuredmedia":[{"embeddable":true,"href":"https:\/\/joyeriadiva.com\/index.php\/wp-json\/wp\/v2\/media\/2271"}],"wp:attachment":[{"href":"https:\/\/joyeriadiva.com\/index.php\/wp-json\/wp\/v2\/media?parent=2270"}],"wp:term":[{"taxonomy":"product_brand","embeddable":true,"href":"https:\/\/joyeriadiva.com\/index.php\/wp-json\/wp\/v2\/product_brand?post=2270"},{"taxonomy":"product_cat","embeddable":true,"href":"https:\/\/joyeriadiva.com\/index.php\/wp-json\/wp\/v2\/product_cat?post=2270"},{"taxonomy":"product_tag","embeddable":true,"href":"https:\/\/joyeriadiva.com\/index.php\/wp-json\/wp\/v2\/product_tag?post=2270"}],"curies":[{"name":"wp","href":"https:\/\/api.w.org\/{rel}","templated":true}]}}