{"id":2263,"date":"2025-04-09T19:21:25","date_gmt":"2025-04-09T19:21:25","guid":{"rendered":"https:\/\/joyeriadiva.com\/?post_type=product&#038;p=2263"},"modified":"2026-03-20T00:25:10","modified_gmt":"2026-03-20T00:25:10","slug":"reloj-bulova-mod-96a292","status":"publish","type":"product","link":"https:\/\/joyeriadiva.com\/index.php\/producto\/reloj-bulova-mod-96a292\/","title":{"rendered":"Reloj Bulova mod. 96A292"},"content":{"rendered":"<p><span class=\"visible-text\">Reloj Bulova para Caballero colecci\u00f3n Surveyor. <\/span><\/p>\n<p><span class=\"visible-text\">Movimiento mec\u00e1nico de cuerda autom\u00e1tica de 3 manecillas.Reserva de marcha de 42 horas. Caja y brazalete realizados en<\/span><span class=\"more-text\"> acero inoxidable, broche desplegable de doble pulsador. Car\u00e1tula esqueletada, indicadores y manecillas luminiscentes en plateado. Bisel interno en azul. Tapa transparente atornillable. Cristal de zafiro. Resistencia al agua de hasta 30 metros. Caja 41mm.<\/span><\/p>\n","protected":false},"excerpt":{"rendered":"<p><span class=\"visible-text\">Reloj Bulova para Caballero colecci\u00f3n Surveyor. Movimiento mec\u00e1nico de cuerda autom\u00e1tica de 3 manecillas.<\/span><\/p>\n","protected":false},"featured_media":2264,"comment_status":"open","ping_status":"closed","template":"","meta":[],"product_brand":[281],"product_cat":[54,37,166],"product_tag":[103,82,265,253,284,260],"class_list":{"0":"post-2263","1":"product","2":"type-product","3":"status-publish","4":"has-post-thumbnail","6":"product_brand-bulova","7":"product_cat-bulova","8":"product_cat-caballero","9":"product_cat-relojeria","10":"product_tag-bulova","11":"product_tag-reloj","12":"product_tag-reloj-acero","13":"product_tag-reloj-automatico","14":"product_tag-reloj-azul","15":"product_tag-surveyor","17":"first","18":"instock","19":"taxable","20":"shipping-taxable","21":"purchasable","22":"product-type-simple"},"_links":{"self":[{"href":"https:\/\/joyeriadiva.com\/index.php\/wp-json\/wp\/v2\/product\/2263","targetHints":{"allow":["GET"]}}],"collection":[{"href":"https:\/\/joyeriadiva.com\/index.php\/wp-json\/wp\/v2\/product"}],"about":[{"href":"https:\/\/joyeriadiva.com\/index.php\/wp-json\/wp\/v2\/types\/product"}],"replies":[{"embeddable":true,"href":"https:\/\/joyeriadiva.com\/index.php\/wp-json\/wp\/v2\/comments?post=2263"}],"wp:featuredmedia":[{"embeddable":true,"href":"https:\/\/joyeriadiva.com\/index.php\/wp-json\/wp\/v2\/media\/2264"}],"wp:attachment":[{"href":"https:\/\/joyeriadiva.com\/index.php\/wp-json\/wp\/v2\/media?parent=2263"}],"wp:term":[{"taxonomy":"product_brand","embeddable":true,"href":"https:\/\/joyeriadiva.com\/index.php\/wp-json\/wp\/v2\/product_brand?post=2263"},{"taxonomy":"product_cat","embeddable":true,"href":"https:\/\/joyeriadiva.com\/index.php\/wp-json\/wp\/v2\/product_cat?post=2263"},{"taxonomy":"product_tag","embeddable":true,"href":"https:\/\/joyeriadiva.com\/index.php\/wp-json\/wp\/v2\/product_tag?post=2263"}],"curies":[{"name":"wp","href":"https:\/\/api.w.org\/{rel}","templated":true}]}}