{"id":1929,"date":"2022-08-20T19:50:16","date_gmt":"2022-08-20T19:50:16","guid":{"rendered":"https:\/\/joyeriadiva.com\/?post_type=product&#038;p=1929"},"modified":"2023-06-23T00:11:19","modified_gmt":"2023-06-23T00:11:19","slug":"anillo-14k-mod-zaf-rosa","status":"publish","type":"product","link":"https:\/\/joyeriadiva.com\/index.php\/producto\/anillo-14k-mod-zaf-rosa\/","title":{"rendered":"Anillo 14K mod. ZAF-ROSA"},"content":{"rendered":"<p><strong>Anillo zafiro rosa.<\/strong><\/p>\n<p>Hermoso anillo de oro blanco de 14 kilates con zafiro rosa central y tres diamantes a cada lado.<\/p>\n<p>No todos los anillos de compromiso deben de llevar la piedra central blanca, puedes hacer el tuyo m\u00e1s especial con piedras preciosas de color.<\/p>\n<p>El zafiro es la piedra preciosa m\u00e1s dura despu\u00e9s del diamante y tiene una gran gama de colores, siendo el m\u00e1s com\u00fan el azul, pero tambi\u00e9n los hay en colores amarillo, verde, rojo, purpura y rosa.<\/p>\n","protected":false},"excerpt":{"rendered":"<p>Anillo de oro blanco de 14 kilates con zafiro rosa al centro y tres diamantes a cada lado.<\/p>\n","protected":false},"featured_media":1955,"comment_status":"open","ping_status":"closed","template":"","meta":[],"product_brand":[],"product_cat":[41,39,48],"product_tag":[77,76,71,72,222,223],"class_list":{"0":"post-1929","1":"product","2":"type-product","3":"status-publish","4":"has-post-thumbnail","6":"product_cat-anillos","7":"product_cat-anillos-de-compromiso","8":"product_cat-joyeria","9":"product_tag-anillo","10":"product_tag-anillo-de-compromiso","11":"product_tag-diamantes","12":"product_tag-oro-blanco","13":"product_tag-zafiro","14":"product_tag-zafiro-rosa","16":"first","17":"instock","18":"taxable","19":"shipping-taxable","20":"purchasable","21":"product-type-simple"},"_links":{"self":[{"href":"https:\/\/joyeriadiva.com\/index.php\/wp-json\/wp\/v2\/product\/1929","targetHints":{"allow":["GET"]}}],"collection":[{"href":"https:\/\/joyeriadiva.com\/index.php\/wp-json\/wp\/v2\/product"}],"about":[{"href":"https:\/\/joyeriadiva.com\/index.php\/wp-json\/wp\/v2\/types\/product"}],"replies":[{"embeddable":true,"href":"https:\/\/joyeriadiva.com\/index.php\/wp-json\/wp\/v2\/comments?post=1929"}],"wp:featuredmedia":[{"embeddable":true,"href":"https:\/\/joyeriadiva.com\/index.php\/wp-json\/wp\/v2\/media\/1955"}],"wp:attachment":[{"href":"https:\/\/joyeriadiva.com\/index.php\/wp-json\/wp\/v2\/media?parent=1929"}],"wp:term":[{"taxonomy":"product_brand","embeddable":true,"href":"https:\/\/joyeriadiva.com\/index.php\/wp-json\/wp\/v2\/product_brand?post=1929"},{"taxonomy":"product_cat","embeddable":true,"href":"https:\/\/joyeriadiva.com\/index.php\/wp-json\/wp\/v2\/product_cat?post=1929"},{"taxonomy":"product_tag","embeddable":true,"href":"https:\/\/joyeriadiva.com\/index.php\/wp-json\/wp\/v2\/product_tag?post=1929"}],"curies":[{"name":"wp","href":"https:\/\/api.w.org\/{rel}","templated":true}]}}