{"id":1766,"date":"2022-07-14T23:51:22","date_gmt":"2022-07-14T23:51:22","guid":{"rendered":"https:\/\/joyeriadiva.com\/?post_type=product&#038;p=1766"},"modified":"2026-03-20T00:27:13","modified_gmt":"2026-03-20T00:27:13","slug":"reloj-bulova-mod-98a178","status":"publish","type":"product","link":"https:\/\/joyeriadiva.com\/index.php\/producto\/reloj-bulova-mod-98a178\/","title":{"rendered":"Reloj Bulova mod. 98A178"},"content":{"rendered":"<p>Reloj BULOVA mod. 98A178, de la colecci\u00f3n Cl\u00e1sico Mec\u00e1nico de Cuerda Autom\u00e1tica.<\/p>\n<p>Nuevo estilo deportivo en caja de acero inoxidable en tono dorado, car\u00e1tula negra esqueletada con detalles en tono dorado y anillo interior negro, tapa transparente para apreciar la maquinaria por la parte posterior de la caja de exhibici\u00f3n.<\/p>\n<p>Movimiento mec\u00e1nico de cuerda autom\u00e1tica, con reserva de marcha de 40 horas, cristal de zafiro , brazalete de acero inoxidable dorado con doble cierre de uso a presi\u00f3n, y resistencia al agua hasta 100 metros.<\/p>\n","protected":false},"excerpt":{"rendered":"<p>Reloj Bulova Autom\u00e1tico para caballero<\/p>\n","protected":false},"featured_media":1767,"comment_status":"open","ping_status":"closed","template":"","meta":[],"product_brand":[],"product_cat":[54,37,166,257],"product_tag":[87,103,88,132,82],"class_list":{"0":"post-1766","1":"product","2":"type-product","3":"status-publish","4":"has-post-thumbnail","6":"product_cat-bulova","7":"product_cat-caballero","8":"product_cat-relojeria","9":"product_cat-relojes-automaticos","10":"product_tag-automatico","11":"product_tag-bulova","12":"product_tag-caballero","13":"product_tag-dorado","14":"product_tag-reloj","16":"first","17":"outofstock","18":"taxable","19":"shipping-taxable","20":"purchasable","21":"product-type-simple"},"_links":{"self":[{"href":"https:\/\/joyeriadiva.com\/index.php\/wp-json\/wp\/v2\/product\/1766","targetHints":{"allow":["GET"]}}],"collection":[{"href":"https:\/\/joyeriadiva.com\/index.php\/wp-json\/wp\/v2\/product"}],"about":[{"href":"https:\/\/joyeriadiva.com\/index.php\/wp-json\/wp\/v2\/types\/product"}],"replies":[{"embeddable":true,"href":"https:\/\/joyeriadiva.com\/index.php\/wp-json\/wp\/v2\/comments?post=1766"}],"wp:featuredmedia":[{"embeddable":true,"href":"https:\/\/joyeriadiva.com\/index.php\/wp-json\/wp\/v2\/media\/1767"}],"wp:attachment":[{"href":"https:\/\/joyeriadiva.com\/index.php\/wp-json\/wp\/v2\/media?parent=1766"}],"wp:term":[{"taxonomy":"product_brand","embeddable":true,"href":"https:\/\/joyeriadiva.com\/index.php\/wp-json\/wp\/v2\/product_brand?post=1766"},{"taxonomy":"product_cat","embeddable":true,"href":"https:\/\/joyeriadiva.com\/index.php\/wp-json\/wp\/v2\/product_cat?post=1766"},{"taxonomy":"product_tag","embeddable":true,"href":"https:\/\/joyeriadiva.com\/index.php\/wp-json\/wp\/v2\/product_tag?post=1766"}],"curies":[{"name":"wp","href":"https:\/\/api.w.org\/{rel}","templated":true}]}}