{"id":1751,"date":"2022-07-01T22:13:03","date_gmt":"2022-07-01T22:13:03","guid":{"rendered":"https:\/\/joyeriadiva.com\/?post_type=product&#038;p=1751"},"modified":"2023-09-14T01:18:35","modified_gmt":"2023-09-14T01:18:35","slug":"reloj-seiko-mod-syme48k1","status":"publish","type":"product","link":"https:\/\/joyeriadiva.com\/index.php\/producto\/reloj-seiko-mod-syme48k1\/","title":{"rendered":"Reloj Seiko mod. SYME48K1"},"content":{"rendered":"<p>Seiko Colecci\u00f3n 5 Autom\u00e1tico para Dama con Movimiento Autom\u00e1tico y Maquinaria Japonesa con Resistencia al Agua 3 ATM (30 Metros) y Cristal Mineral.<\/p>\n","protected":false},"excerpt":{"rendered":"<p>Seiko Colecci\u00f3n 5 Autom\u00e1tico para Dama con Movimiento Autom\u00e1tico y Maquinaria Japonesa con Resistencia al Agua 3 ATM (30 Metros) y Cristal Mineral.<\/p>\n","protected":false},"featured_media":1752,"comment_status":"open","ping_status":"closed","template":"","meta":[],"product_brand":[],"product_cat":[36,166,120],"product_tag":[87,97,201,121],"class_list":{"0":"post-1751","1":"product","2":"type-product","3":"status-publish","4":"has-post-thumbnail","6":"product_cat-dama","7":"product_cat-relojeria","8":"product_cat-seiko","9":"product_tag-automatico","10":"product_tag-dama","11":"product_tag-relojerai","12":"product_tag-seiko","14":"first","15":"outofstock","16":"taxable","17":"shipping-taxable","18":"purchasable","19":"product-type-simple"},"_links":{"self":[{"href":"https:\/\/joyeriadiva.com\/index.php\/wp-json\/wp\/v2\/product\/1751","targetHints":{"allow":["GET"]}}],"collection":[{"href":"https:\/\/joyeriadiva.com\/index.php\/wp-json\/wp\/v2\/product"}],"about":[{"href":"https:\/\/joyeriadiva.com\/index.php\/wp-json\/wp\/v2\/types\/product"}],"replies":[{"embeddable":true,"href":"https:\/\/joyeriadiva.com\/index.php\/wp-json\/wp\/v2\/comments?post=1751"}],"wp:featuredmedia":[{"embeddable":true,"href":"https:\/\/joyeriadiva.com\/index.php\/wp-json\/wp\/v2\/media\/1752"}],"wp:attachment":[{"href":"https:\/\/joyeriadiva.com\/index.php\/wp-json\/wp\/v2\/media?parent=1751"}],"wp:term":[{"taxonomy":"product_brand","embeddable":true,"href":"https:\/\/joyeriadiva.com\/index.php\/wp-json\/wp\/v2\/product_brand?post=1751"},{"taxonomy":"product_cat","embeddable":true,"href":"https:\/\/joyeriadiva.com\/index.php\/wp-json\/wp\/v2\/product_cat?post=1751"},{"taxonomy":"product_tag","embeddable":true,"href":"https:\/\/joyeriadiva.com\/index.php\/wp-json\/wp\/v2\/product_tag?post=1751"}],"curies":[{"name":"wp","href":"https:\/\/api.w.org\/{rel}","templated":true}]}}