{"id":1741,"date":"2022-07-01T21:24:57","date_gmt":"2022-07-01T21:24:57","guid":{"rendered":"https:\/\/joyeriadiva.com\/?post_type=product&#038;p=1741"},"modified":"2023-09-14T01:18:37","modified_gmt":"2023-09-14T01:18:37","slug":"reloj-seiko-mod-snk371k1","status":"publish","type":"product","link":"https:\/\/joyeriadiva.com\/index.php\/producto\/reloj-seiko-mod-snk371k1\/","title":{"rendered":"Reloj Seiko mod. SNK371K1"},"content":{"rendered":"<p>Seiko Colecci\u00f3n 5 Autom\u00e1tico G\u00e9nero Caballero Movimiento Autom\u00e1tico.<\/p>\n<p>Maquinaria Japonesa con resistencia al Agua 3 ATM (30 Metros) y reserva de Marcha 24 Horas<\/p>\n","protected":false},"excerpt":{"rendered":"<p>Seiko Colecci\u00f3n 5 Autom\u00e1tico G\u00e9nero Caballero Movimiento Autom\u00e1tico. Maquinaria Japonesa con resistencia al Agua 3 ATM (30 Metros) y reserva de Marcha 24 Horas<\/p>\n","protected":false},"featured_media":1742,"comment_status":"open","ping_status":"closed","template":"","meta":[],"product_brand":[],"product_cat":[37,166,120],"product_tag":[87,88,128,121],"class_list":{"0":"post-1741","1":"product","2":"type-product","3":"status-publish","4":"has-post-thumbnail","6":"product_cat-caballero","7":"product_cat-relojeria","8":"product_cat-seiko","9":"product_tag-automatico","10":"product_tag-caballero","11":"product_tag-relojeria","12":"product_tag-seiko","14":"first","15":"outofstock","16":"taxable","17":"shipping-taxable","18":"purchasable","19":"product-type-simple"},"_links":{"self":[{"href":"https:\/\/joyeriadiva.com\/index.php\/wp-json\/wp\/v2\/product\/1741","targetHints":{"allow":["GET"]}}],"collection":[{"href":"https:\/\/joyeriadiva.com\/index.php\/wp-json\/wp\/v2\/product"}],"about":[{"href":"https:\/\/joyeriadiva.com\/index.php\/wp-json\/wp\/v2\/types\/product"}],"replies":[{"embeddable":true,"href":"https:\/\/joyeriadiva.com\/index.php\/wp-json\/wp\/v2\/comments?post=1741"}],"wp:featuredmedia":[{"embeddable":true,"href":"https:\/\/joyeriadiva.com\/index.php\/wp-json\/wp\/v2\/media\/1742"}],"wp:attachment":[{"href":"https:\/\/joyeriadiva.com\/index.php\/wp-json\/wp\/v2\/media?parent=1741"}],"wp:term":[{"taxonomy":"product_brand","embeddable":true,"href":"https:\/\/joyeriadiva.com\/index.php\/wp-json\/wp\/v2\/product_brand?post=1741"},{"taxonomy":"product_cat","embeddable":true,"href":"https:\/\/joyeriadiva.com\/index.php\/wp-json\/wp\/v2\/product_cat?post=1741"},{"taxonomy":"product_tag","embeddable":true,"href":"https:\/\/joyeriadiva.com\/index.php\/wp-json\/wp\/v2\/product_tag?post=1741"}],"curies":[{"name":"wp","href":"https:\/\/api.w.org\/{rel}","templated":true}]}}