{"id":1358,"date":"2022-03-15T22:47:46","date_gmt":"2022-03-15T22:47:46","guid":{"rendered":"https:\/\/joyeriadiva.com\/?post_type=product&#038;p=1358"},"modified":"2022-08-03T22:12:35","modified_gmt":"2022-08-03T22:12:35","slug":"bulova-98l233","status":"publish","type":"product","link":"https:\/\/joyeriadiva.com\/index.php\/producto\/bulova-98l233\/","title":{"rendered":"Reloj BULOVA mod. 98L233"},"content":{"rendered":"<p>El reloj Bulova modelo 98L233, a\u00f1ade un toque de elegancia y buen gusto a tu imagen con el exquisito dise\u00f1o de este reloj para dama, un accesorio cl\u00e1sico que resalta tu personalidad.\u00a0 La atractiva caratula esta repleta de cristales de Swarovski.<\/p>\n<p>Cuenta con broche de seguridad desplegable e indicadores de hora con cristales y barras, su acabado plateado y oro rosa te permite combinarlo con tus atuendos. Los peque\u00f1os detalles hacen la diferencia, as\u00ed como este reloj Bulova.<\/p>\n<p>&nbsp;<\/p>\n","protected":false},"excerpt":{"rendered":"<p>Reloj Bulova de cuarzo para dama.<\/p>\n","protected":false},"featured_media":1359,"comment_status":"open","ping_status":"closed","template":"","meta":[],"product_brand":[],"product_cat":[54,36,166],"product_tag":[103,97,128],"class_list":{"0":"post-1358","1":"product","2":"type-product","3":"status-publish","4":"has-post-thumbnail","6":"product_cat-bulova","7":"product_cat-dama","8":"product_cat-relojeria","9":"product_tag-bulova","10":"product_tag-dama","11":"product_tag-relojeria","13":"first","14":"instock","15":"taxable","16":"shipping-taxable","17":"purchasable","18":"product-type-simple"},"_links":{"self":[{"href":"https:\/\/joyeriadiva.com\/index.php\/wp-json\/wp\/v2\/product\/1358","targetHints":{"allow":["GET"]}}],"collection":[{"href":"https:\/\/joyeriadiva.com\/index.php\/wp-json\/wp\/v2\/product"}],"about":[{"href":"https:\/\/joyeriadiva.com\/index.php\/wp-json\/wp\/v2\/types\/product"}],"replies":[{"embeddable":true,"href":"https:\/\/joyeriadiva.com\/index.php\/wp-json\/wp\/v2\/comments?post=1358"}],"wp:featuredmedia":[{"embeddable":true,"href":"https:\/\/joyeriadiva.com\/index.php\/wp-json\/wp\/v2\/media\/1359"}],"wp:attachment":[{"href":"https:\/\/joyeriadiva.com\/index.php\/wp-json\/wp\/v2\/media?parent=1358"}],"wp:term":[{"taxonomy":"product_brand","embeddable":true,"href":"https:\/\/joyeriadiva.com\/index.php\/wp-json\/wp\/v2\/product_brand?post=1358"},{"taxonomy":"product_cat","embeddable":true,"href":"https:\/\/joyeriadiva.com\/index.php\/wp-json\/wp\/v2\/product_cat?post=1358"},{"taxonomy":"product_tag","embeddable":true,"href":"https:\/\/joyeriadiva.com\/index.php\/wp-json\/wp\/v2\/product_tag?post=1358"}],"curies":[{"name":"wp","href":"https:\/\/api.w.org\/{rel}","templated":true}]}}