{"id":1199,"date":"2022-01-19T21:06:59","date_gmt":"2022-01-19T21:06:59","guid":{"rendered":"https:\/\/joyeriadiva.com\/?post_type=product&#038;p=1199"},"modified":"2024-08-24T20:27:37","modified_gmt":"2024-08-24T20:27:37","slug":"reloj-seiko-caballero-mod-srpd73k1","status":"publish","type":"product","link":"https:\/\/joyeriadiva.com\/index.php\/producto\/reloj-seiko-caballero-mod-srpd73k1\/","title":{"rendered":"Reloj Seiko mod. SRPD73K1"},"content":{"rendered":"<p>El reloj seiko, una pieza unica de maquinaria japonesa, completamentre autom\u00e1tico, resistente al agua y una gran adici\u00f3n a cualquier colecci\u00f3n.<\/p>\n<h3><strong>Especificaciones<\/strong><\/h3>\n<div class=\"pr-Spec_Inner\">\n<div class=\"pr-Spec_Inside\">\n<ul class=\"pr-Spec_Icons\">\n<li class=\"pr-Spec_Icon\"><span class=\"pr-Spec_IconTooltip\"><span class=\"pr-Spec_IconTooltipText\">10 bares<\/span><\/span><img loading=\"lazy\" decoding=\"async\" role=\"img\" src=\"https:\/\/www.seikowatches.com\/assets\/img\/spec\/spec_icon_waterproof_10.svg\" alt=\"10 bares\" width=\"60\" height=\"60\" data-okra-image-id=\"okra-image-51\" \/><\/li>\n<li class=\"pr-Spec_Icon\"><span class=\"pr-Spec_IconTooltip\"><span class=\"pr-Spec_IconTooltipText\">Mec\u00e1nico<\/span><\/span><img loading=\"lazy\" decoding=\"async\" role=\"img\" src=\"https:\/\/www.seikowatches.com\/assets\/img\/spec\/spec_icon_mechanical.svg\" alt=\"Mec\u00e1nico\" width=\"60\" height=\"60\" data-okra-image-id=\"okra-image-52\" \/><\/li>\n<\/ul>\n<div class=\"pr-Spec_Groups\">\n<div class=\"pr-Spec_Group\">\n<h3 id=\"innerMovementB\" class=\"pr-Spec_HeadingLv1\" aria-expanded=\"false\">Movimiento<\/h3>\n<div class=\"pr-Spec_GroupInner\">\n<div id=\"innerMovement\" class=\"pr-Spec_GroupInside\" aria-hidden=\"true\">\n<div class=\"pr-Spec_Item\">\n<h4 class=\"pr-Spec_HeadingLv2\">Tipo de movimiento<\/h4>\n<div class=\"pr-Spec_Text\">\n<p>Autom\u00e1tico con capacidad de carga manual<\/p>\n<\/div>\n<\/div>\n<div class=\"pr-Spec_Item\">\n<h4 class=\"pr-Spec_HeadingLv2\">Duraci\u00f3n<\/h4>\n<div class=\"pr-Spec_Text\">\n<p>Aprox. 41 horas<\/p>\n<\/div>\n<\/div>\n<\/div>\n<\/div>\n<\/div>\n<div class=\"pr-Spec_Group\">\n<div class=\"pr-Spec_GroupInner\">\n<div id=\"innerExterior\" class=\"pr-Spec_GroupInside\" aria-hidden=\"true\">\n<div class=\"pr-Spec_Item\">\n<h4 class=\"pr-Spec_HeadingLv2\">Material de la caja<\/h4>\n<div class=\"pr-Spec_Text\">\n<p>Acero inoxidable<\/p>\n<\/div>\n<\/div>\n<\/div>\n<\/div>\n<\/div>\n<div class=\"pr-Spec_Group\">\n<h3 id=\"innerOtherDetailsB\" class=\"pr-Spec_HeadingLv1\" aria-expanded=\"false\">Otros detalles<\/h3>\n<div class=\"pr-Spec_GroupInner\">\n<div id=\"innerOtherDetails\" class=\"pr-Spec_GroupInside\" aria-hidden=\"true\">\n<div class=\"pr-Spec_Item\">\n<h4 class=\"pr-Spec_HeadingLv2\">Resistencia al agua<\/h4>\n<div class=\"pr-Spec_Text\">\n<p>10 bares<\/p>\n<\/div>\n<\/div>\n<div class=\"pr-Spec_Item\">\n<h4 class=\"pr-Spec_HeadingLv2\">Otras especificaciones<\/h4>\n<ul class=\"pr-Spec_GroupInside\">\n<li>Bisel giratorio unidireccional<\/li>\n<li>Fondo de caja de rosca<\/li>\n<li>Fondo de caja transparente<\/li>\n<\/ul>\n<\/div>\n<\/div>\n<\/div>\n<\/div>\n<div class=\"pr-Spec_Group\">\n<h3 id=\"innerOtherFeaturesB\" class=\"pr-Spec_HeadingLv1\" aria-expanded=\"false\" aria-hidden=\"true\">Otras caracter\u00edsticas<\/h3>\n<div class=\"pr-Spec_GroupInner\">\n<ul id=\"innerOtherFeatures\" class=\"pr-Spec_GroupInside\" aria-hidden=\"true\">\n<li>24 rub\u00edes<\/li>\n<li>Funci\u00f3n de para del segundero<\/li>\n<li>Visualizaci\u00f3n de d\u00eda \/ fecha<\/li>\n<\/ul>\n<\/div>\n<\/div>\n<\/div>\n<\/div>\n<\/div>\n","protected":false},"excerpt":{"rendered":"<p>Reloj Seiko automatico para caballero<\/p>\n","protected":false},"featured_media":1200,"comment_status":"open","ping_status":"closed","template":"","meta":[],"product_brand":[],"product_cat":[166,120],"product_tag":[87,88,128,121],"class_list":{"0":"post-1199","1":"product","2":"type-product","3":"status-publish","4":"has-post-thumbnail","6":"product_cat-relojeria","7":"product_cat-seiko","8":"product_tag-automatico","9":"product_tag-caballero","10":"product_tag-relojeria","11":"product_tag-seiko","13":"first","14":"instock","15":"sale","16":"taxable","17":"shipping-taxable","18":"purchasable","19":"product-type-simple"},"_links":{"self":[{"href":"https:\/\/joyeriadiva.com\/index.php\/wp-json\/wp\/v2\/product\/1199","targetHints":{"allow":["GET"]}}],"collection":[{"href":"https:\/\/joyeriadiva.com\/index.php\/wp-json\/wp\/v2\/product"}],"about":[{"href":"https:\/\/joyeriadiva.com\/index.php\/wp-json\/wp\/v2\/types\/product"}],"replies":[{"embeddable":true,"href":"https:\/\/joyeriadiva.com\/index.php\/wp-json\/wp\/v2\/comments?post=1199"}],"wp:featuredmedia":[{"embeddable":true,"href":"https:\/\/joyeriadiva.com\/index.php\/wp-json\/wp\/v2\/media\/1200"}],"wp:attachment":[{"href":"https:\/\/joyeriadiva.com\/index.php\/wp-json\/wp\/v2\/media?parent=1199"}],"wp:term":[{"taxonomy":"product_brand","embeddable":true,"href":"https:\/\/joyeriadiva.com\/index.php\/wp-json\/wp\/v2\/product_brand?post=1199"},{"taxonomy":"product_cat","embeddable":true,"href":"https:\/\/joyeriadiva.com\/index.php\/wp-json\/wp\/v2\/product_cat?post=1199"},{"taxonomy":"product_tag","embeddable":true,"href":"https:\/\/joyeriadiva.com\/index.php\/wp-json\/wp\/v2\/product_tag?post=1199"}],"curies":[{"name":"wp","href":"https:\/\/api.w.org\/{rel}","templated":true}]}}