{"id":1127,"date":"2021-09-04T18:28:07","date_gmt":"2021-09-04T18:28:07","guid":{"rendered":"https:\/\/joyeriadiva.com\/?post_type=product&#038;p=1127"},"modified":"2025-10-17T00:38:33","modified_gmt":"2025-10-17T00:38:33","slug":"juego-medalla-y-cadena-c35-06","status":"publish","type":"product","link":"https:\/\/joyeriadiva.com\/index.php\/producto\/juego-medalla-y-cadena-c35-06\/","title":{"rendered":"Juego bautizo 10K-MA-C35-06"},"content":{"rendered":"<p>Juego de medalla y cadena para bautizo todo en oro de 10 kilates.<\/p>\n<p>La cadena mide 35 cent\u00edmetros de largo, ideal para beb\u00e9s y ni\u00f1os de hasta 4 a\u00f1os. (varia seg\u00fan la complexi\u00f3n del ni\u00f1o)<\/p>\n<p>Las im\u00e1genes disponibles son de Esp\u00edritu Santo, Virgen de Guadalupe o Sagrado Coraz\u00f3n.<\/p>\n<p>Se puede personalizar con el nombre del ni\u00f1o bautizado sin costo extra.<\/p>\n","protected":false},"excerpt":{"rendered":"<p>Juego de medalla y cadena de oro de 10 kilates para bautizo.<\/p>\n","protected":false},"featured_media":1128,"comment_status":"open","ping_status":"closed","template":"","meta":[],"product_brand":[],"product_cat":[205,48,149],"product_tag":[168,186,187,152,150],"class_list":{"0":"post-1127","1":"product","2":"type-product","3":"status-publish","4":"has-post-thumbnail","6":"product_cat-bautizosy1eracomunion","7":"product_cat-joyeria","8":"product_cat-medallas","9":"product_tag-bautizo","10":"product_tag-cadena","11":"product_tag-espritu-santo","12":"product_tag-medalla","13":"product_tag-oro-10k","15":"first","16":"instock","17":"taxable","18":"shipping-taxable","19":"purchasable","20":"product-type-simple"},"_links":{"self":[{"href":"https:\/\/joyeriadiva.com\/index.php\/wp-json\/wp\/v2\/product\/1127","targetHints":{"allow":["GET"]}}],"collection":[{"href":"https:\/\/joyeriadiva.com\/index.php\/wp-json\/wp\/v2\/product"}],"about":[{"href":"https:\/\/joyeriadiva.com\/index.php\/wp-json\/wp\/v2\/types\/product"}],"replies":[{"embeddable":true,"href":"https:\/\/joyeriadiva.com\/index.php\/wp-json\/wp\/v2\/comments?post=1127"}],"wp:featuredmedia":[{"embeddable":true,"href":"https:\/\/joyeriadiva.com\/index.php\/wp-json\/wp\/v2\/media\/1128"}],"wp:attachment":[{"href":"https:\/\/joyeriadiva.com\/index.php\/wp-json\/wp\/v2\/media?parent=1127"}],"wp:term":[{"taxonomy":"product_brand","embeddable":true,"href":"https:\/\/joyeriadiva.com\/index.php\/wp-json\/wp\/v2\/product_brand?post=1127"},{"taxonomy":"product_cat","embeddable":true,"href":"https:\/\/joyeriadiva.com\/index.php\/wp-json\/wp\/v2\/product_cat?post=1127"},{"taxonomy":"product_tag","embeddable":true,"href":"https:\/\/joyeriadiva.com\/index.php\/wp-json\/wp\/v2\/product_tag?post=1127"}],"curies":[{"name":"wp","href":"https:\/\/api.w.org\/{rel}","templated":true}]}}