{"id":1092,"date":"2021-09-02T21:38:30","date_gmt":"2021-09-02T21:38:30","guid":{"rendered":"https:\/\/joyeriadiva.com\/?post_type=product&#038;p=1092"},"modified":"2025-09-18T00:38:11","modified_gmt":"2025-09-18T00:38:11","slug":"reloj-rado-modr32505313","status":"publish","type":"product","link":"https:\/\/joyeriadiva.com\/index.php\/producto\/reloj-rado-modr32505313\/","title":{"rendered":"Reloj Rado mod. R32505313"},"content":{"rendered":"<div class=\"product attribute overview no-page-builder\">\n<div class=\"value\">Un modelo original de 1962 vuelve a la vida en una versi\u00f3n nueva y mejorada, adaptada a las tendencias del siglo XXI. Con detalles cl\u00e1sicos y un estilo fiel al original, junto con funciones actualizadas para dar respuesta a las necesidades de los usuarios actuales, el Captain Cook es un reloj dise\u00f1ado para soportar el paso del tiempo. Adem\u00e1s, el Captain Cook incorpora el sistema EasyClip de Rado, que permite cambiar el brazalete o la correa de forma r\u00e1pida y sencilla, sin necesidad de usar herramientas.<\/div>\n<\/div>\n<div class=\"product info detailed\">\n<div class=\"product data items\" role=\"tablist\">\n<h3 id=\"tab-label-additional\" class=\"data item title active\" tabindex=\"0\" role=\"tab\" data-role=\"collapsible\" data-collapsible=\"true\" aria-controls=\"additional\" aria-selected=\"false\" aria-expanded=\"true\"><strong>Especificaciones<\/strong><\/h3>\n<div id=\"additional\" class=\"data item content\" role=\"tabpanel\" aria-labelledby=\"tab-label-additional\" data-role=\"content\" aria-hidden=\"false\">\n<div id=\"attributes-wrapper\" class=\"additional-attributes-wrapper table-wrapper\">\n<div data-role=\"collapsible\">\n<h2>Aspectos generales<\/h2>\n<\/div>\n<div data-role=\"content\">\n<ul>\n<li><strong>Nombre del producto:<\/strong>\u00a0Captain Cook Automatic<\/li>\n<li><strong>SKU:<\/strong>\u00a0R32505313<\/li>\n<\/ul>\n<\/div>\n<div data-role=\"collapsible\">\n<h2>Movimiento<\/h2>\n<\/div>\n<div data-role=\"content\">\n<ul>\n<li><strong>Tipo de movimiento:<\/strong>\u00a0Autom\u00e1tico<\/li>\n<li><strong>Reserva de marcha:<\/strong>\u00a080 horas<\/li>\n<\/ul>\n<\/div>\n<div data-role=\"collapsible\">\n<h2>Caja<\/h2>\n<\/div>\n<div data-role=\"content\">\n<ul>\n<li><strong>Materiales de la caja:<\/strong>\u00a0Acero inoxidable<\/li>\n<li><strong>Grosor de la caja:<\/strong>\u00a012.1 mm<\/li>\n<li><strong>Resisitencia al agua de la caja:<\/strong>\u00a020 bar de presi\u00f3n (200 m)<\/li>\n<li><strong>Color de la caja:<\/strong>\u00a0de color<\/li>\n<li><strong>G\u00e9nero de la caja:<\/strong>\u00a0Caballero<\/li>\n<li><strong>Dimensi\u00f3n de la caja:<\/strong>\u00a042.0 mm<\/li>\n<li><strong>Cristal de la caja:<\/strong>\u00a0Cristal de zafiro con revestimiento antirreflejante<\/li>\n<\/ul>\n<\/div>\n<div data-role=\"collapsible\"><\/div>\n<div data-role=\"content\"><\/div>\n<\/div>\n<\/div>\n<\/div>\n<\/div>\n","protected":false},"excerpt":{"rendered":"<p>Reloj Rado autom\u00e1tico L\u00ednea Capitan Cook<\/p>\n","protected":false},"featured_media":1110,"comment_status":"open","ping_status":"closed","template":"","meta":[],"product_brand":[],"product_cat":[37,50,166,257],"product_tag":[87,88,86,128],"class_list":{"0":"post-1092","1":"product","2":"type-product","3":"status-publish","4":"has-post-thumbnail","6":"product_cat-caballero","7":"product_cat-rado","8":"product_cat-relojeria","9":"product_cat-relojes-automaticos","10":"product_tag-automatico","11":"product_tag-caballero","12":"product_tag-rado","13":"product_tag-relojeria","15":"first","16":"instock","17":"taxable","18":"shipping-taxable","19":"purchasable","20":"product-type-simple"},"_links":{"self":[{"href":"https:\/\/joyeriadiva.com\/index.php\/wp-json\/wp\/v2\/product\/1092","targetHints":{"allow":["GET"]}}],"collection":[{"href":"https:\/\/joyeriadiva.com\/index.php\/wp-json\/wp\/v2\/product"}],"about":[{"href":"https:\/\/joyeriadiva.com\/index.php\/wp-json\/wp\/v2\/types\/product"}],"replies":[{"embeddable":true,"href":"https:\/\/joyeriadiva.com\/index.php\/wp-json\/wp\/v2\/comments?post=1092"}],"wp:featuredmedia":[{"embeddable":true,"href":"https:\/\/joyeriadiva.com\/index.php\/wp-json\/wp\/v2\/media\/1110"}],"wp:attachment":[{"href":"https:\/\/joyeriadiva.com\/index.php\/wp-json\/wp\/v2\/media?parent=1092"}],"wp:term":[{"taxonomy":"product_brand","embeddable":true,"href":"https:\/\/joyeriadiva.com\/index.php\/wp-json\/wp\/v2\/product_brand?post=1092"},{"taxonomy":"product_cat","embeddable":true,"href":"https:\/\/joyeriadiva.com\/index.php\/wp-json\/wp\/v2\/product_cat?post=1092"},{"taxonomy":"product_tag","embeddable":true,"href":"https:\/\/joyeriadiva.com\/index.php\/wp-json\/wp\/v2\/product_tag?post=1092"}],"curies":[{"name":"wp","href":"https:\/\/api.w.org\/{rel}","templated":true}]}}